{"id":12614,"date":"2025-08-19T13:34:16","date_gmt":"2025-08-19T05:34:16","guid":{"rendered":"https:\/\/getucosmetics.com\/?page_id=12614"},"modified":"2025-10-23T17:09:39","modified_gmt":"2025-10-23T09:09:39","slug":"cosmetic-packaging","status":"publish","type":"page","link":"https:\/\/getucosmetics.com\/es\/cosmetic-packaging\/","title":{"rendered":"Envases cosm\u00e9ticos"},"content":{"rendered":"<div data-elementor-type=\"wp-page\" data-elementor-id=\"12614\" class=\"elementor elementor-12614\" data-elementor-post-type=\"page\">\n\t\t\t\t<div class=\"elementor-element elementor-element-3b9d7a4 e-flex e-con-boxed e-con e-parent\" data-id=\"3b9d7a4\" data-element_type=\"container\" data-e-type=\"container\">\n\t\t\t\t\t<div class=\"e-con-inner\">\n\t\t\t\t<div class=\"elementor-element elementor-element-591dbee elementor-widget elementor-widget-heading\" data-id=\"591dbee\" data-element_type=\"widget\" data-e-type=\"widget\" data-widget_type=\"heading.default\">\n\t\t\t\t<div class=\"elementor-widget-container\">\n\t\t\t\t\t<h2 class=\"elementor-heading-title elementor-size-default\">Envases cosm\u00e9ticos<\/h2>\t\t\t\t<\/div>\n\t\t\t\t<\/div>\n\t\t\t\t<div class=\"elementor-element elementor-element-012e3bc elementor-widget-divider--view-line elementor-widget elementor-widget-divider\" data-id=\"012e3bc\" data-element_type=\"widget\" data-e-type=\"widget\" data-widget_type=\"divider.default\">\n\t\t\t\t<div class=\"elementor-widget-container\">\n\t\t\t\t\t\t\t<div class=\"elementor-divider\">\n\t\t\t<span class=\"elementor-divider-separator\">\n\t\t\t\t\t\t<\/span>\n\t\t<\/div>\n\t\t\t\t\t\t<\/div>\n\t\t\t\t<\/div>\n\t\t\t\t\t<\/div>\n\t\t\t\t<\/div>\n\t\t<div class=\"elementor-element elementor-element-ba1b9d4 e-flex e-con-boxed e-con e-parent\" data-id=\"ba1b9d4\" data-element_type=\"container\" data-e-type=\"container\">\n\t\t\t\t\t<div class=\"e-con-inner\">\n\t\t\t\t<div class=\"elementor-element elementor-element-a6e09b5 elementor-widget elementor-widget-text-editor\" data-id=\"a6e09b5\" data-element_type=\"widget\" data-e-type=\"widget\" data-widget_type=\"text-editor.default\">\n\t\t\t\t<div class=\"elementor-widget-container\">\n\t\t\t\t\t\t\t\t\t<p>En GetU Cosmetics, el packaging es m\u00e1s que un simple envase: forma parte de la experiencia de belleza. Como fabricante y f\u00e1brica especializada en envases para cosm\u00e9ticos, dise\u00f1amos y producimos soluciones que combinan funcionalidad, estilo y fiabilidad. Nuestro objetivo es ayudar a marcas, mayoristas y distribuidores a crear envases que resalten el valor del producto y fortalezcan la identidad de marca.<\/p><p>Ofrecemos una amplia selecci\u00f3n de opciones, incluyendo botellas airless, botellas sopladoras, frascos para cosm\u00e9ticos, tubos para cosm\u00e9ticos, frascos para crema, frascos para loci\u00f3n, dosificadores para loci\u00f3n y atomizadores. Cada art\u00edculo se elabora con precisi\u00f3n, utilizando materiales seguros y t\u00e9cnicas de producci\u00f3n modernas. Desde productos para el cuidado de la piel hasta maquillaje, nuestros envases est\u00e1n dise\u00f1ados para proteger las f\u00f3rmulas, mejorar la usabilidad y la experiencia del cliente. Con personalizaci\u00f3n flexible, un estricto control de calidad y un suministro global eficiente, GetU Cosmetics apoya a su negocio en el desarrollo de l\u00edneas de envasado que destaquen en un mercado competitivo.<\/p>\t\t\t\t\t\t\t\t<\/div>\n\t\t\t\t<\/div>\n\t\t\t\t<div class=\"elementor-element elementor-element-d2d7fe9 image-vertical-align-center img-align-top icon-box-vertical-align-top preserve-img-ratio-cover slide-h-position-left elementor-widget elementor-widget-the7-elements-simple-posts\" data-id=\"d2d7fe9\" data-element_type=\"widget\" data-e-type=\"widget\" data-widget_type=\"the7-elements-simple-posts.default\">\n\t\t\t\t<div class=\"elementor-widget-container\">\n\t\t\t\t\t<div class=\"the7-simple-widget-posts the7-elementor-widget the7-elements-simple-posts-d2d7fe9\" data-post-limit=\"-1\" data-pagination-mode=\"standard\" data-scroll-offset=\"\">\t\t\t<div class=\"dt-css-grid custom-pagination-handler\" data-columns=\"{&quot;d&quot;:4,&quot;t&quot;:2,&quot;p&quot;:1,&quot;wd&quot;:&quot;&quot;}\">\n\t\t\t\t\t\t\t\t\t<div class=\"wf-cell visible\">\n\t\t\t\t\t\t<article class=\"post visible wrapper post-12639 dt_portfolio type-dt_portfolio status-publish has-post-thumbnail hentry dt_portfolio_category-cream-jar\">\n\n\t\t\t\t\t\t\t<div class=\"post-content-wrapper\">\n\t\t\t\t\t\t\t\t\t\t\t\t\t\t\t\t\t<div class=\"the7-simple-post-thumb\">\n\t\t\t\t\t\t\t\t\t\t<a class=\"post-thumbnail-rollover layzr-bg img-css-resize-wrapper\" aria-label=\"Post image\" href=\"https:\/\/getucosmetics.com\/es\/product\/cream-cleansing-balm-jar-cosmetic-250ml-body-butter-plastic\/\"><img fetchpriority=\"high\" decoding=\"async\" width=\"570\" height=\"570\" src=\"data:image\/svg+xml,%3Csvg%20xmlns%3D&#039;http%3A%2F%2Fwww.w3.org%2F2000%2Fsvg&#039;%20viewBox%3D&#039;0%200%20570%20570&#039;%2F%3E\" class=\"attachment-full size-full preload-me aspect lazy lazy-load\" alt=\"Cream Cleansing Balm Jar Cosmetic 250ml Body Butter Plastic\" sizes=\"(max-width: 570px) 100vw, 570px\" style=\"--ratio: 570 \/ 570;\" data-src=\"https:\/\/getucosmetics.com\/wp-content\/uploads\/2025\/08\/Cream-Cleansing-Balm-Jar-Cosmetic-250ml-Body-Butter-Plastic.jpg\" loading=\"eager\" data-srcset=\"https:\/\/getucosmetics.com\/wp-content\/uploads\/2025\/08\/Cream-Cleansing-Balm-Jar-Cosmetic-250ml-Body-Butter-Plastic.jpg 570w, https:\/\/getucosmetics.com\/wp-content\/uploads\/2025\/08\/Cream-Cleansing-Balm-Jar-Cosmetic-250ml-Body-Butter-Plastic-300x300.jpg 300w, https:\/\/getucosmetics.com\/wp-content\/uploads\/2025\/08\/Cream-Cleansing-Balm-Jar-Cosmetic-250ml-Body-Butter-Plastic-150x150.jpg 150w, https:\/\/getucosmetics.com\/wp-content\/uploads\/2025\/08\/Cream-Cleansing-Balm-Jar-Cosmetic-250ml-Body-Butter-Plastic-12x12.jpg 12w\" \/><span class=\"the7-hover-icon\"><\/span><\/a>\t\t\t\t\t\t\t\t\t<\/div>\n\t\t\t\t\t\t\t\t\t\t\t\t\t\t\t\t<div class=\"post-entry-content\">\n\t\t\t\t\t\t\t\t\t<h5 class=\"heading\"><a href=\"https:\/\/getucosmetics.com\/es\/product\/cream-cleansing-balm-jar-cosmetic-250ml-body-butter-plastic\/\" rel=\"bookmark\" title=\"Crema B\u00e1lsamo Limpiador Tarro Cosm\u00e9tico 250ml Manteca Corporal Pl\u00e1stico\" class=\"post-title\">Crema B\u00e1lsamo Limpiador Tarro Cosm\u00e9tico 250ml Manteca Corporal Pl\u00e1stico<\/a><\/h5><div class=\"entry-meta\"><span class=\"meta-item category-link\"><span>Tarro de crema<\/span><\/span><\/div>\t\t\t\t\t\t\t\t<\/div>\n\t\t\t\t\t\t\t<\/div>\n\t\t\t\t\t\t<\/article>\n\t\t\t\t\t<\/div>\t\t\t\t\t\t\t\t\t\t<div class=\"wf-cell visible\">\n\t\t\t\t\t\t<article class=\"post visible wrapper post-12562 dt_portfolio type-dt_portfolio status-publish has-post-thumbnail hentry dt_portfolio_category-airless-bottle\">\n\n\t\t\t\t\t\t\t<div class=\"post-content-wrapper\">\n\t\t\t\t\t\t\t\t\t\t\t\t\t\t\t\t\t<div class=\"the7-simple-post-thumb\">\n\t\t\t\t\t\t\t\t\t\t<a class=\"post-thumbnail-rollover layzr-bg img-css-resize-wrapper\" aria-label=\"Post image\" href=\"https:\/\/getucosmetics.com\/es\/product\/15ml-30ml-50ml-pp-cosmetic-packaging-custom-airless-pump-bottle-for-lotion\/\"><img decoding=\"async\" width=\"578\" height=\"578\" src=\"data:image\/svg+xml,%3Csvg%20xmlns%3D&#039;http%3A%2F%2Fwww.w3.org%2F2000%2Fsvg&#039;%20viewBox%3D&#039;0%200%20578%20578&#039;%2F%3E\" class=\"attachment-full size-full preload-me aspect lazy lazy-load\" alt=\"15ml 30ml 50ml PP Cosmetic Packaging Custom Airless Pump Bottle for Lotion\" sizes=\"(max-width: 578px) 100vw, 578px\" style=\"--ratio: 578 \/ 578;\" data-src=\"https:\/\/getucosmetics.com\/wp-content\/uploads\/2025\/08\/15ml-30ml-50ml-PP-Cosmetic-Packaging-Custom-Airless-Pump-Bottle-for-Lotion.jpg\" loading=\"eager\" data-srcset=\"https:\/\/getucosmetics.com\/wp-content\/uploads\/2025\/08\/15ml-30ml-50ml-PP-Cosmetic-Packaging-Custom-Airless-Pump-Bottle-for-Lotion.jpg 578w, https:\/\/getucosmetics.com\/wp-content\/uploads\/2025\/08\/15ml-30ml-50ml-PP-Cosmetic-Packaging-Custom-Airless-Pump-Bottle-for-Lotion-300x300.jpg 300w, https:\/\/getucosmetics.com\/wp-content\/uploads\/2025\/08\/15ml-30ml-50ml-PP-Cosmetic-Packaging-Custom-Airless-Pump-Bottle-for-Lotion-150x150.jpg 150w, https:\/\/getucosmetics.com\/wp-content\/uploads\/2025\/08\/15ml-30ml-50ml-PP-Cosmetic-Packaging-Custom-Airless-Pump-Bottle-for-Lotion-12x12.jpg 12w\" \/><span class=\"the7-hover-icon\"><\/span><\/a>\t\t\t\t\t\t\t\t\t<\/div>\n\t\t\t\t\t\t\t\t\t\t\t\t\t\t\t\t<div class=\"post-entry-content\">\n\t\t\t\t\t\t\t\t\t<h5 class=\"heading\"><a href=\"https:\/\/getucosmetics.com\/es\/product\/15ml-30ml-50ml-pp-cosmetic-packaging-custom-airless-pump-bottle-for-lotion\/\" rel=\"bookmark\" title=\"Botella con bomba sin aire personalizada para loci\u00f3n, envase cosm\u00e9tico de PP de 15 ml, 30 ml y 50 ml\" class=\"post-title\">Botella con bomba sin aire personalizada para loci\u00f3n, envase cosm\u00e9tico de PP de 15 ml, 30 ml y 50 ml<\/a><\/h5><div class=\"entry-meta\"><span class=\"meta-item category-link\"><span>Botella sin aire<\/span><\/span><\/div>\t\t\t\t\t\t\t\t<\/div>\n\t\t\t\t\t\t\t<\/div>\n\t\t\t\t\t\t<\/article>\n\t\t\t\t\t<\/div>\t\t\t\t\t\t\t\t<\/div>\n\t\t<\/div>\t\t\t\t<\/div>\n\t\t\t\t<\/div>\n\t\t\t\t\t<\/div>\n\t\t\t\t<\/div>\n\t\t<div class=\"elementor-element elementor-element-23a2e09 e-flex e-con-boxed e-con e-parent\" data-id=\"23a2e09\" data-element_type=\"container\" data-e-type=\"container\">\n\t\t\t\t\t<div class=\"e-con-inner\">\n\t\t\t\t<div class=\"elementor-element elementor-element-a291c9c elementor-widget-divider--view-line elementor-widget elementor-widget-divider\" data-id=\"a291c9c\" data-element_type=\"widget\" data-e-type=\"widget\" data-widget_type=\"divider.default\">\n\t\t\t\t<div class=\"elementor-widget-container\">\n\t\t\t\t\t\t\t<div class=\"elementor-divider\">\n\t\t\t<span class=\"elementor-divider-separator\">\n\t\t\t\t\t\t<\/span>\n\t\t<\/div>\n\t\t\t\t\t\t<\/div>\n\t\t\t\t<\/div>\n\t\t\t\t<div class=\"elementor-element elementor-element-9b25923 elementor-widget elementor-widget-heading\" data-id=\"9b25923\" data-element_type=\"widget\" data-e-type=\"widget\" data-widget_type=\"heading.default\">\n\t\t\t\t<div class=\"elementor-widget-container\">\n\t\t\t\t\t<h3 class=\"elementor-heading-title elementor-size-default\">\u00bfNecesita m\u00e1s informaci\u00f3n? \u00a1Cont\u00e1ctenos!<\/h3>\t\t\t\t<\/div>\n\t\t\t\t<\/div>\n\t\t\t\t\t<\/div>\n\t\t\t\t<\/div>\n\t\t<div class=\"elementor-element elementor-element-2636847 e-flex e-con-boxed e-con e-parent\" data-id=\"2636847\" data-element_type=\"container\" data-e-type=\"container\">\n\t\t\t\t\t<div class=\"e-con-inner\">\n\t\t<div class=\"elementor-element elementor-element-9d97d9a e-con-full elementor-hidden-tablet elementor-hidden-mobile e-flex e-con e-child\" data-id=\"9d97d9a\" data-element_type=\"container\" data-e-type=\"container\">\n\t\t\t\t<\/div>\n\t\t<div class=\"elementor-element elementor-element-d50daa8 e-con-full e-flex e-con e-child\" data-id=\"d50daa8\" data-element_type=\"container\" data-e-type=\"container\">\n\t\t\t\t<div class=\"elementor-element elementor-element-05d5d9d elementor-button-align-stretch elementor-widget elementor-widget-global elementor-global-12697 elementor-widget-form\" data-id=\"05d5d9d\" data-element_type=\"widget\" data-e-type=\"widget\" data-settings=\"{&quot;step_next_label&quot;:&quot;Next&quot;,&quot;step_previous_label&quot;:&quot;Previous&quot;,&quot;button_width&quot;:&quot;100&quot;,&quot;step_type&quot;:&quot;number_text&quot;,&quot;step_icon_shape&quot;:&quot;circle&quot;}\" data-widget_type=\"form.default\">\n\t\t\t\t<div class=\"elementor-widget-container\">\n\t\t\t\t\t\t\t<form class=\"elementor-form\" method=\"post\" name=\"New Form\" aria-label=\"Nueva forma\" action=\"\">\n\t\t\t<input type=\"hidden\" name=\"post_id\" value=\"12614\"\/>\n\t\t\t<input type=\"hidden\" name=\"form_id\" value=\"05d5d9d\"\/>\n\t\t\t<input type=\"hidden\" name=\"referer_title\" value=\"GetU Cosmetics\" \/>\n\n\t\t\t\n\t\t\t<div class=\"elementor-form-fields-wrapper elementor-labels-above\">\n\t\t\t\t\t\t\t\t<div class=\"elementor-field-type-text elementor-field-group elementor-column elementor-field-group-name elementor-col-100 elementor-field-required elementor-mark-required\">\n\t\t\t\t\t\t\t\t\t\t\t\t<label for=\"form-field-name\" class=\"elementor-field-label\">\n\t\t\t\t\t\t\t\tNombre\t\t\t\t\t\t\t<\/label>\n\t\t\t\t\t\t\t\t\t\t\t\t\t\t<input size=\"1\" type=\"text\" name=\"form_fields[name]\" id=\"form-field-name\" class=\"elementor-field elementor-size-md  elementor-field-textual\" required=\"required\">\n\t\t\t\t\t\t\t\t\t\t\t<\/div>\n\t\t\t\t\t\t\t\t<div class=\"elementor-field-type-email elementor-field-group elementor-column elementor-field-group-email elementor-col-100 elementor-field-required elementor-mark-required\">\n\t\t\t\t\t\t\t\t\t\t\t\t<label for=\"form-field-email\" class=\"elementor-field-label\">\n\t\t\t\t\t\t\t\tCorreo electr\u00f3nico\t\t\t\t\t\t\t<\/label>\n\t\t\t\t\t\t\t\t\t\t\t\t\t\t<input size=\"1\" type=\"email\" name=\"form_fields[email]\" id=\"form-field-email\" class=\"elementor-field elementor-size-md  elementor-field-textual\" required=\"required\">\n\t\t\t\t\t\t\t\t\t\t\t<\/div>\n\t\t\t\t\t\t\t\t<div class=\"elementor-field-type-text elementor-field-group elementor-column elementor-field-group-field_d5aad89 elementor-col-100\">\n\t\t\t\t\t\t\t\t\t\t\t\t<label for=\"form-field-field_d5aad89\" class=\"elementor-field-label\">\n\t\t\t\t\t\t\t\tConsulta y Cantidad\t\t\t\t\t\t\t<\/label>\n\t\t\t\t\t\t\t\t\t\t\t\t\t\t<input size=\"1\" type=\"text\" name=\"form_fields[field_d5aad89]\" id=\"form-field-field_d5aad89\" class=\"elementor-field elementor-size-md  elementor-field-textual\">\n\t\t\t\t\t\t\t\t\t\t\t<\/div>\n\t\t\t\t\t\t\t\t<div class=\"elementor-field-type-textarea elementor-field-group elementor-column elementor-field-group-message elementor-col-100 elementor-field-required elementor-mark-required\">\n\t\t\t\t\t\t\t\t\t\t\t\t<label for=\"form-field-message\" class=\"elementor-field-label\">\n\t\t\t\t\t\t\t\tCu\u00e9ntanos un poco sobre tu proyecto\t\t\t\t\t\t\t<\/label>\n\t\t\t\t\t\t<textarea class=\"elementor-field-textual elementor-field  elementor-size-md\" name=\"form_fields[message]\" id=\"form-field-message\" rows=\"8\" placeholder=\"Por favor, proporcione m\u00e1s informaci\u00f3n que desee saber. - GetUcosmetics.com\" required=\"required\"><\/textarea>\t\t\t\t<\/div>\n\t\t\t\t\t\t\t\t<div class=\"elementor-field-type-recaptcha_v3 elementor-field-group elementor-column elementor-field-group-field_3d0ac2c elementor-col-100 recaptcha_v3-bottomright\">\n\t\t\t\t\t<div class=\"elementor-field\" id=\"form-field-field_3d0ac2c\"><div class=\"elementor-g-recaptcha\" data-sitekey=\"6LcqGOMqAAAAADu9GLEtsX8hr8KW6Nk3KUzvpel7\" data-type=\"v3\" data-action=\"Form\" data-badge=\"bottomright\" data-size=\"invisible\"><\/div><\/div>\t\t\t\t<\/div>\n\t\t\t\t\t\t\t\t<div class=\"elementor-field-group elementor-column elementor-field-type-submit elementor-col-100 e-form__buttons\">\n\t\t\t\t\t<button class=\"elementor-button elementor-size-lg\" type=\"submit\">\n\t\t\t\t\t\t<span class=\"elementor-button-content-wrapper\">\n\t\t\t\t\t\t\t\t\t\t\t\t\t\t\t\t\t\t\t\t\t\t<span class=\"elementor-button-text\">Entregar<\/span>\n\t\t\t\t\t\t\t\t\t\t\t\t\t<\/span>\n\t\t\t\t\t<\/button>\n\t\t\t\t<\/div>\n\t\t\t<\/div>\n\t\t<input type=\"hidden\" name=\"trp-form-language\" value=\"es\"\/><\/form>\n\t\t\t\t\t\t<\/div>\n\t\t\t\t<\/div>\n\t\t\t\t<\/div>\n\t\t<div class=\"elementor-element elementor-element-c4235f2 e-con-full elementor-hidden-tablet elementor-hidden-mobile e-flex e-con e-child\" data-id=\"c4235f2\" data-element_type=\"container\" data-e-type=\"container\">\n\t\t\t\t<\/div>\n\t\t\t\t\t<\/div>\n\t\t\t\t<\/div>\n\t\t\t\t<\/div>","protected":false},"excerpt":{"rendered":"<p>At GetU Cosmetics, packaging is more than a container \u2014 it is part of the beauty experience. As a specialized cosmetics packaging manufacturer and factory, we design and produce solutions that combine function, style, and reliability. Our goal is to help brands, wholesalers, and distributors create packaging that highlights product value and strengthens brand identity.&hellip;<\/p>","protected":false},"author":1,"featured_media":0,"parent":0,"menu_order":0,"comment_status":"closed","ping_status":"closed","template":"elementor_header_footer","meta":{"footnotes":""},"class_list":["post-12614","page","type-page","status-publish","hentry"],"yoast_head":"<!-- This site is optimized with the Yoast SEO plugin v27.2 - https:\/\/yoast.com\/product\/yoast-seo-wordpress\/ -->\n<title>Wholesale Cosmetic Packaging Manufacturer In China<\/title>\n<meta name=\"description\" content=\"Are you looking for best Cosmetic Packaging factory? We are the reliable partner manufacturer.\" \/>\n<meta name=\"robots\" content=\"index, follow, max-snippet:-1, max-image-preview:large, max-video-preview:-1\" \/>\n<link rel=\"canonical\" href=\"https:\/\/getucosmetics.com\/es\/cosmetic-packaging\/\" \/>\n<meta property=\"og:locale\" content=\"es_ES\" \/>\n<meta property=\"og:type\" content=\"article\" \/>\n<meta property=\"og:title\" content=\"Wholesale Cosmetic Packaging Manufacturer In China\" \/>\n<meta property=\"og:description\" content=\"Are you looking for best Cosmetic Packaging factory? We are the reliable partner manufacturer.\" \/>\n<meta property=\"og:url\" content=\"https:\/\/getucosmetics.com\/es\/cosmetic-packaging\/\" \/>\n<meta property=\"og:site_name\" content=\"GetU Cosmetics\" \/>\n<meta property=\"article:modified_time\" content=\"2025-10-23T09:09:39+00:00\" \/>\n<meta name=\"twitter:card\" content=\"summary_large_image\" \/>\n<meta name=\"twitter:label1\" content=\"Tiempo de lectura\" \/>\n\t<meta name=\"twitter:data1\" content=\"2 minutos\" \/>\n<script type=\"application\/ld+json\" class=\"yoast-schema-graph\">{\"@context\":\"https:\/\/schema.org\",\"@graph\":[{\"@type\":\"WebPage\",\"@id\":\"https:\/\/getucosmetics.com\/cosmetic-packaging\/\",\"url\":\"https:\/\/getucosmetics.com\/cosmetic-packaging\/\",\"name\":\"Wholesale Cosmetic Packaging Manufacturer In China\",\"isPartOf\":{\"@id\":\"https:\/\/getucosmetics.com\/#website\"},\"datePublished\":\"2025-08-19T05:34:16+00:00\",\"dateModified\":\"2025-10-23T09:09:39+00:00\",\"description\":\"Are you looking for best Cosmetic Packaging factory? We are the reliable partner manufacturer.\",\"breadcrumb\":{\"@id\":\"https:\/\/getucosmetics.com\/cosmetic-packaging\/#breadcrumb\"},\"inLanguage\":\"es\",\"potentialAction\":[{\"@type\":\"ReadAction\",\"target\":[\"https:\/\/getucosmetics.com\/cosmetic-packaging\/\"]}]},{\"@type\":\"BreadcrumbList\",\"@id\":\"https:\/\/getucosmetics.com\/cosmetic-packaging\/#breadcrumb\",\"itemListElement\":[{\"@type\":\"ListItem\",\"position\":1,\"name\":\"Home\",\"item\":\"https:\/\/getucosmetics.com\/\"},{\"@type\":\"ListItem\",\"position\":2,\"name\":\"Cosmetic Packaging\"}]},{\"@type\":\"WebSite\",\"@id\":\"https:\/\/getucosmetics.com\/#website\",\"url\":\"https:\/\/getucosmetics.com\/\",\"name\":\"GetU Cosmetics\",\"description\":\"\",\"publisher\":{\"@id\":\"https:\/\/getucosmetics.com\/#organization\"},\"potentialAction\":[{\"@type\":\"SearchAction\",\"target\":{\"@type\":\"EntryPoint\",\"urlTemplate\":\"https:\/\/getucosmetics.com\/?s={search_term_string}\"},\"query-input\":{\"@type\":\"PropertyValueSpecification\",\"valueRequired\":true,\"valueName\":\"search_term_string\"}}],\"inLanguage\":\"es\"},{\"@type\":\"Organization\",\"@id\":\"https:\/\/getucosmetics.com\/#organization\",\"name\":\"GetU Cosmetics\",\"url\":\"https:\/\/getucosmetics.com\/\",\"logo\":{\"@type\":\"ImageObject\",\"inLanguage\":\"es\",\"@id\":\"https:\/\/getucosmetics.com\/#\/schema\/logo\/image\/\",\"url\":\"https:\/\/getucosmetics.com\/wp-content\/uploads\/2024\/10\/logo-4.png\",\"contentUrl\":\"https:\/\/getucosmetics.com\/wp-content\/uploads\/2024\/10\/logo-4.png\",\"width\":500,\"height\":192,\"caption\":\"GetU Cosmetics\"},\"image\":{\"@id\":\"https:\/\/getucosmetics.com\/#\/schema\/logo\/image\/\"}}]}<\/script>\n<!-- \/ Yoast SEO plugin. -->","yoast_head_json":{"title":"Wholesale Cosmetic Packaging Manufacturer In China","description":"Are you looking for best Cosmetic Packaging factory? We are the reliable partner manufacturer.","robots":{"index":"index","follow":"follow","max-snippet":"max-snippet:-1","max-image-preview":"max-image-preview:large","max-video-preview":"max-video-preview:-1"},"canonical":"https:\/\/getucosmetics.com\/es\/cosmetic-packaging\/","og_locale":"es_ES","og_type":"article","og_title":"Wholesale Cosmetic Packaging Manufacturer In China","og_description":"Are you looking for best Cosmetic Packaging factory? We are the reliable partner manufacturer.","og_url":"https:\/\/getucosmetics.com\/es\/cosmetic-packaging\/","og_site_name":"GetU Cosmetics","article_modified_time":"2025-10-23T09:09:39+00:00","twitter_card":"summary_large_image","twitter_misc":{"Tiempo de lectura":"2 minutos"},"schema":{"@context":"https:\/\/schema.org","@graph":[{"@type":"WebPage","@id":"https:\/\/getucosmetics.com\/cosmetic-packaging\/","url":"https:\/\/getucosmetics.com\/cosmetic-packaging\/","name":"Wholesale Cosmetic Packaging Manufacturer In China","isPartOf":{"@id":"https:\/\/getucosmetics.com\/#website"},"datePublished":"2025-08-19T05:34:16+00:00","dateModified":"2025-10-23T09:09:39+00:00","description":"Are you looking for best Cosmetic Packaging factory? We are the reliable partner manufacturer.","breadcrumb":{"@id":"https:\/\/getucosmetics.com\/cosmetic-packaging\/#breadcrumb"},"inLanguage":"es","potentialAction":[{"@type":"ReadAction","target":["https:\/\/getucosmetics.com\/cosmetic-packaging\/"]}]},{"@type":"BreadcrumbList","@id":"https:\/\/getucosmetics.com\/cosmetic-packaging\/#breadcrumb","itemListElement":[{"@type":"ListItem","position":1,"name":"Home","item":"https:\/\/getucosmetics.com\/"},{"@type":"ListItem","position":2,"name":"Cosmetic Packaging"}]},{"@type":"WebSite","@id":"https:\/\/getucosmetics.com\/#website","url":"https:\/\/getucosmetics.com\/","name":"GetU Cosmetics","description":"","publisher":{"@id":"https:\/\/getucosmetics.com\/#organization"},"potentialAction":[{"@type":"SearchAction","target":{"@type":"EntryPoint","urlTemplate":"https:\/\/getucosmetics.com\/?s={search_term_string}"},"query-input":{"@type":"PropertyValueSpecification","valueRequired":true,"valueName":"search_term_string"}}],"inLanguage":"es"},{"@type":"Organization","@id":"https:\/\/getucosmetics.com\/#organization","name":"GetU Cosmetics","url":"https:\/\/getucosmetics.com\/","logo":{"@type":"ImageObject","inLanguage":"es","@id":"https:\/\/getucosmetics.com\/#\/schema\/logo\/image\/","url":"https:\/\/getucosmetics.com\/wp-content\/uploads\/2024\/10\/logo-4.png","contentUrl":"https:\/\/getucosmetics.com\/wp-content\/uploads\/2024\/10\/logo-4.png","width":500,"height":192,"caption":"GetU Cosmetics"},"image":{"@id":"https:\/\/getucosmetics.com\/#\/schema\/logo\/image\/"}}]}},"_links":{"self":[{"href":"https:\/\/getucosmetics.com\/es\/wp-json\/wp\/v2\/pages\/12614","targetHints":{"allow":["GET"]}}],"collection":[{"href":"https:\/\/getucosmetics.com\/es\/wp-json\/wp\/v2\/pages"}],"about":[{"href":"https:\/\/getucosmetics.com\/es\/wp-json\/wp\/v2\/types\/page"}],"author":[{"embeddable":true,"href":"https:\/\/getucosmetics.com\/es\/wp-json\/wp\/v2\/users\/1"}],"replies":[{"embeddable":true,"href":"https:\/\/getucosmetics.com\/es\/wp-json\/wp\/v2\/comments?post=12614"}],"version-history":[{"count":8,"href":"https:\/\/getucosmetics.com\/es\/wp-json\/wp\/v2\/pages\/12614\/revisions"}],"predecessor-version":[{"id":12759,"href":"https:\/\/getucosmetics.com\/es\/wp-json\/wp\/v2\/pages\/12614\/revisions\/12759"}],"wp:attachment":[{"href":"https:\/\/getucosmetics.com\/es\/wp-json\/wp\/v2\/media?parent=12614"}],"curies":[{"name":"wp","href":"https:\/\/api.w.org\/{rel}","templated":true}]}}